{"id":238,"date":"2025-08-06T11:25:23","date_gmt":"2025-08-06T11:25:23","guid":{"rendered":"https:\/\/einhaus.art\/?page_id=238"},"modified":"2025-08-06T11:25:23","modified_gmt":"2025-08-06T11:25:23","slug":"impressum","status":"publish","type":"page","link":"https:\/\/einhaus.art\/?page_id=238","title":{"rendered":"Impressum"},"content":{"rendered":"<p>[et_pb_section fb_built=&#8220;1&#8243; theme_builder_area=&#8220;post_content&#8220; _builder_version=&#8220;4.27.4&#8243; _module_preset=&#8220;default&#8220;][et_pb_row _builder_version=&#8220;4.27.4&#8243; _module_preset=&#8220;default&#8220; theme_builder_area=&#8220;post_content&#8220;][et_pb_column _builder_version=&#8220;4.27.4&#8243; _module_preset=&#8220;default&#8220; type=&#8220;4_4&#8243; theme_builder_area=&#8220;post_content&#8220;][et_pb_heading title=&#8220;Impressum&#8220; _builder_version=&#8220;4.27.4&#8243; _module_preset=&#8220;default&#8220; theme_builder_area=&#8220;post_content&#8220; hover_enabled=&#8220;0&#8243; sticky_enabled=&#8220;0&#8243;][\/et_pb_heading][et_pb_text _builder_version=&#8220;4.27.4&#8243; _module_preset=&#8220;default&#8220; theme_builder_area=&#8220;post_content&#8220; hover_enabled=&#8220;0&#8243; sticky_enabled=&#8220;0&#8243;]<\/p>\n<p><strong>Angaben gem\u00e4\u00df \u00a7 5 TMG:<\/strong><\/p>\n<p>Helena Einhaus<br \/>Freischaffende K\u00fcnstlerin<br \/>Atelier: Teichstra\u00dfe 5<br \/>58239 Schwerte<br \/>Deutschland<\/p>\n<p>Kontakt:<br \/>Telefon: +49 (0)179 43 30 750<br \/>E-Mail: helenaeinhaus@gmail.com<br \/>Website: www.einhaus.art<\/p>\n<p><strong>Verantwortlich f\u00fcr den Inhalt nach \u00a7 18 Abs. 2 MStV:<\/strong><br \/>Helena Einhaus<br \/>Teichstra\u00dfe 5<br \/>58239 Schwerte<\/p>\n<p><strong>Haftungsausschluss:<\/strong><br \/>Trotz sorgf\u00e4ltiger inhaltlicher Kontrolle \u00fcbernehmen wir keine Haftung f\u00fcr die Inhalte externer Links. F\u00fcr den Inhalt der verlinkten Seiten sind ausschlie\u00dflich deren Betreiber verantwortlich.<\/p>\n<p><strong>Urheberrecht:<\/strong><br \/>Alle Inhalte dieser Website, insbesondere Bilder und Texte, unterliegen dem Urheberrecht von Helena Einhaus. Eine Vervielf\u00e4ltigung oder Verwendung ist ohne ausdr\u00fcckliche schriftliche Zustimmung nicht gestattet.<\/p>\n<p>&nbsp;<\/p>\n<p>[\/et_pb_text][\/et_pb_column][\/et_pb_row][\/et_pb_section]<\/p>\n","protected":false},"excerpt":{"rendered":"<p>Angaben gem\u00e4\u00df \u00a7 5 TMG: Helena EinhausFreischaffende K\u00fcnstlerinAtelier: Teichstra\u00dfe 558239 SchwerteDeutschland Kontakt:Telefon: +49 (0)179 43 30 750E-Mail: helenaeinhaus@gmail.comWebsite: www.einhaus.art Verantwortlich f\u00fcr den Inhalt nach \u00a7 18 Abs. 2 MStV:Helena EinhausTeichstra\u00dfe 558239 Schwerte Haftungsausschluss:Trotz sorgf\u00e4ltiger inhaltlicher Kontrolle \u00fcbernehmen wir keine Haftung f\u00fcr die Inhalte externer Links. F\u00fcr den Inhalt der verlinkten Seiten sind ausschlie\u00dflich deren Betreiber [&hellip;]<\/p>\n","protected":false},"author":1,"featured_media":0,"parent":0,"menu_order":0,"comment_status":"closed","ping_status":"closed","template":"","meta":{"_et_pb_use_builder":"on","_et_pb_old_content":"","_et_gb_content_width":"","footnotes":""},"class_list":["post-238","page","type-page","status-publish","hentry"],"_links":{"self":[{"href":"https:\/\/einhaus.art\/index.php?rest_route=\/wp\/v2\/pages\/238","targetHints":{"allow":["GET"]}}],"collection":[{"href":"https:\/\/einhaus.art\/index.php?rest_route=\/wp\/v2\/pages"}],"about":[{"href":"https:\/\/einhaus.art\/index.php?rest_route=\/wp\/v2\/types\/page"}],"author":[{"embeddable":true,"href":"https:\/\/einhaus.art\/index.php?rest_route=\/wp\/v2\/users\/1"}],"replies":[{"embeddable":true,"href":"https:\/\/einhaus.art\/index.php?rest_route=%2Fwp%2Fv2%2Fcomments&post=238"}],"version-history":[{"count":3,"href":"https:\/\/einhaus.art\/index.php?rest_route=\/wp\/v2\/pages\/238\/revisions"}],"predecessor-version":[{"id":242,"href":"https:\/\/einhaus.art\/index.php?rest_route=\/wp\/v2\/pages\/238\/revisions\/242"}],"wp:attachment":[{"href":"https:\/\/einhaus.art\/index.php?rest_route=%2Fwp%2Fv2%2Fmedia&parent=238"}],"curies":[{"name":"wp","href":"https:\/\/api.w.org\/{rel}","templated":true}]}}