{"id":276,"date":"2025-08-07T12:12:29","date_gmt":"2025-08-07T12:12:29","guid":{"rendered":"https:\/\/einhaus.art\/?page_id=276"},"modified":"2025-08-08T12:56:56","modified_gmt":"2025-08-08T12:56:56","slug":"ueber-mich","status":"publish","type":"page","link":"https:\/\/einhaus.art\/?page_id=276","title":{"rendered":"\u00dcber mich"},"content":{"rendered":"<p>[et_pb_section fb_built=&#8220;1&#8243; _builder_version=&#8220;4.27.4&#8243; _module_preset=&#8220;default&#8220; global_colors_info=&#8220;{}&#8220;][et_pb_row column_structure=&#8220;1_2,1_2&#8243; _builder_version=&#8220;4.27.4&#8243; _module_preset=&#8220;default&#8220; global_colors_info=&#8220;{}&#8220;][et_pb_column type=&#8220;1_2&#8243; _builder_version=&#8220;4.27.4&#8243; _module_preset=&#8220;default&#8220; global_colors_info=&#8220;{}&#8220;][et_pb_image src=&#8220;https:\/\/einhaus.art\/wp-content\/uploads\/2025\/07\/Helena-Einhaus.png&#8220; title_text=&#8220;Helena Einhaus&#8220; _builder_version=&#8220;4.27.4&#8243; _module_preset=&#8220;default&#8220; global_colors_info=&#8220;{}&#8220;][\/et_pb_image][\/et_pb_column][et_pb_column type=&#8220;1_2&#8243; _builder_version=&#8220;4.27.4&#8243; _module_preset=&#8220;default&#8220; global_colors_info=&#8220;{}&#8220;][et_pb_heading title=&#8220;\u00dcber mich&#8220; _builder_version=&#8220;4.27.4&#8243; _module_preset=&#8220;default&#8220; global_colors_info=&#8220;{}&#8220;][\/et_pb_heading][et_pb_text _builder_version=&#8220;4.27.4&#8243; _module_preset=&#8220;default&#8220; global_colors_info=&#8220;{}&#8220;]<\/p>\n<p data-start=\"193\" data-end=\"499\">Ich bin 1994 in Berlin geboren und in S\u00fcdfrankreich aufgewachsen, zwischen Licht, Freiheit und Kunst. Schon fr\u00fch war Malerei f\u00fcr mich nicht nur \u00c4sthetik, sondern eine Sprache.<\/p>\n<p data-start=\"193\" data-end=\"499\">Meinen Malstil bezeichne ich als organisch-abstrakt. Organisch nicht etwa, weil ich an die Natur erinnernde Formen verwende. Eher weil meine Bilder sich aus einem Strich oder Punkt entwickeln und von da an intuitiv erwachsen.<\/p>\n<p data-start=\"193\" data-end=\"499\">Und Abstrakt, weil nicht der konkrete Gegenstand das Motiv der Darstellung ist, sondern sein gedanklicher und symbolischer Gehalt.<\/p>\n<p data-start=\"501\" data-end=\"688\"><span style=\"font-weight: 500;\">Meine Bilder bieten keine endg\u00fcltigen Antworten. Sie stellen das Fragmentarische und das Wandelbare, das Unfertige und das Vorl\u00e4ufige in den Mittelpunkt. <\/span><\/p>\n<p data-start=\"501\" data-end=\"688\">[\/et_pb_text][\/et_pb_column][\/et_pb_row][\/et_pb_section][et_pb_section fb_built=&#8220;1&#8243; admin_label=&#8220;Footer&#8220; _builder_version=&#8220;4.27.4&#8243; _module_preset=&#8220;default&#8220; background_color=&#8220;gcid-530baf18-6aca-4d61-8496-2c5df0e0a0ca&#8220; saved_tabs=&#8220;all&#8220; locked=&#8220;off&#8220; collapsed=&#8220;on&#8220; global_colors_info=&#8220;{%22gcid-530baf18-6aca-4d61-8496-2c5df0e0a0ca%22:%91%22background_color%22%93}&#8220; theme_builder_area=&#8220;post_content&#8220;][et_pb_row _builder_version=&#8220;4.25.1&#8243; _module_preset=&#8220;default&#8220; max_width=&#8220;680px&#8220; module_alignment=&#8220;center&#8220; global_colors_info=&#8220;{}&#8220; theme_builder_area=&#8220;post_content&#8220;][et_pb_column type=&#8220;4_4&#8243; _builder_version=&#8220;4.27.4&#8243; _module_preset=&#8220;default&#8220; global_colors_info=&#8220;{}&#8220; theme_builder_area=&#8220;post_content&#8220;][et_pb_image src=&#8220;https:\/\/einhaus.art\/wp-content\/uploads\/2025\/07\/Helena-Einhaus-2.png&#8220; title_text=&#8220;Helena Einhaus 2&#8243; url=&#8220;#&#8220; _builder_version=&#8220;4.27.4&#8243; _module_preset=&#8220;default&#8220; transform_scale=&#8220;96%|96%&#8220; max_width=&#8220;62px&#8220; max_width_last_edited=&#8220;off|desktop&#8220; module_alignment=&#8220;center&#8220; max_height=&#8220;100px&#8220; filter_saturate=&#8220;0%&#8220; locked=&#8220;off&#8220; global_colors_info=&#8220;{}&#8220; theme_builder_area=&#8220;post_content&#8220;][\/et_pb_image][et_pb_heading title=&#8220;Helena Einhaus&#8220; _builder_version=&#8220;4.27.4&#8243; _module_preset=&#8220;42a5fc57-1975-481a-bd71-999f86dd78e9&#8243; title_font=&#8220;||||||||&#8220; title_text_align=&#8220;center&#8220; title_text_color=&#8220;#FFFFFF&#8220; custom_margin=&#8220;||10px||false|false&#8220; locked=&#8220;off&#8220; theme_builder_area=&#8220;post_content&#8220;][\/et_pb_heading][et_pb_text _builder_version=&#8220;4.27.4&#8243; _module_preset=&#8220;13719425-dac4-4d4e-8de6-d52d5993e6d3&#8243; text_text_color=&#8220;gcid-834db33f-400f-4068-917d-2de62be3172e&#8220; link_text_color=&#8220;#8800ff&#8220; text_orientation=&#8220;center&#8220; global_colors_info=&#8220;{%22gcid-secondary-color%22:%91%22link_text_color%22,%22link_text_color%22,%22link_text_color%22,%22link_text_color%22,%22link_text_color%22%93,%22gcid-834db33f-400f-4068-917d-2de62be3172e%22:%91%22text_text_color%22%93}&#8220; theme_builder_area=&#8220;post_content&#8220;]<\/p>\n<p>Kunst entsteht, wenn Wirklichkeit auf Realit\u00e4t trifft.<\/p>\n<p>[\/et_pb_text][et_pb_social_media_follow icon_color=&#8220;gcid-880c38f1-a6fc-40a7-920b-f6027d5f269c&#8220; _builder_version=&#8220;4.27.4&#8243; _module_preset=&#8220;default&#8220; text_orientation=&#8220;center&#8220; global_colors_info=&#8220;{%22gcid-880c38f1-a6fc-40a7-920b-f6027d5f269c%22:%91%22icon_color%22%93}&#8220; theme_builder_area=&#8220;post_content&#8220;][et_pb_social_media_follow_network social_network=&#8220;facebook&#8220; url=&#8220;https:\/\/www.facebook.com\/helena.schulteeinhaus&#8220; _builder_version=&#8220;4.27.4&#8243; _module_preset=&#8220;default&#8220; global_colors_info=&#8220;{}&#8220; theme_builder_area=&#8220;post_content&#8220; follow_button=&#8220;off&#8220; url_new_window=&#8220;on&#8220;]facebook[\/et_pb_social_media_follow_network][et_pb_social_media_follow_network social_network=&#8220;instagram&#8220; url=&#8220;https:\/\/www.instagram.com\/einhausart\/&#8220; _builder_version=&#8220;4.27.4&#8243; _module_preset=&#8220;default&#8220; global_colors_info=&#8220;{}&#8220; theme_builder_area=&#8220;post_content&#8220; follow_button=&#8220;off&#8220; url_new_window=&#8220;on&#8220;]instagram[\/et_pb_social_media_follow_network][\/et_pb_social_media_follow][\/et_pb_column][\/et_pb_row][et_pb_row _builder_version=&#8220;4.25.1&#8243; _module_preset=&#8220;default&#8220; global_colors_info=&#8220;{}&#8220; theme_builder_area=&#8220;post_content&#8220;][et_pb_column type=&#8220;4_4&#8243; _builder_version=&#8220;4.25.1&#8243; _module_preset=&#8220;default&#8220; global_colors_info=&#8220;{}&#8220; theme_builder_area=&#8220;post_content&#8220;][et_pb_text _builder_version=&#8220;4.27.4&#8243; _dynamic_attributes=&#8220;content&#8220; _module_preset=&#8220;13719425-dac4-4d4e-8de6-d52d5993e6d3&#8243; text_text_color=&#8220;rgba(255,255,255,0.5)&#8220; link_text_color=&#8220;#8800ff&#8220; text_orientation=&#8220;center&#8220; global_colors_info=&#8220;{}&#8220; theme_builder_area=&#8220;post_content&#8220;]@ET-DC@eyJkeW5hbWljIjp0cnVlLCJjb250ZW50IjoiY3VycmVudF9kYXRlIiwic2V0dGluZ3MiOnsiYmVmb3JlIjoiQ29weXJpZ2h0ICZjb3B5OyAiLCJhZnRlciI6IiBFaW5oYXVzIEFydC4gQWxsIFJpZ2h0cyBSZXNlcnZlZC4iLCJkYXRlX2Zvcm1hdCI6ImN1c3RvbSIsImN1c3RvbV9kYXRlX2Zvcm1hdCI6IlkifX0=@[\/et_pb_text][\/et_pb_column][\/et_pb_row][\/et_pb_section]<\/p>\n","protected":false},"excerpt":{"rendered":"<p>Ich bin 1994 in Berlin geboren und in S\u00fcdfrankreich aufgewachsen, zwischen Licht, Freiheit und Kunst. Schon fr\u00fch war Malerei f\u00fcr mich nicht nur \u00c4sthetik, sondern eine Sprache. Meinen Malstil bezeichne ich als organisch-abstrakt. Organisch nicht etwa, weil ich an die Natur erinnernde Formen verwende. Eher weil meine Bilder sich aus einem Strich oder Punkt entwickeln [&hellip;]<\/p>\n","protected":false},"author":1,"featured_media":0,"parent":0,"menu_order":0,"comment_status":"closed","ping_status":"closed","template":"","meta":{"_et_pb_use_builder":"on","_et_pb_old_content":"","_et_gb_content_width":"","footnotes":""},"class_list":["post-276","page","type-page","status-publish","hentry"],"_links":{"self":[{"href":"https:\/\/einhaus.art\/index.php?rest_route=\/wp\/v2\/pages\/276","targetHints":{"allow":["GET"]}}],"collection":[{"href":"https:\/\/einhaus.art\/index.php?rest_route=\/wp\/v2\/pages"}],"about":[{"href":"https:\/\/einhaus.art\/index.php?rest_route=\/wp\/v2\/types\/page"}],"author":[{"embeddable":true,"href":"https:\/\/einhaus.art\/index.php?rest_route=\/wp\/v2\/users\/1"}],"replies":[{"embeddable":true,"href":"https:\/\/einhaus.art\/index.php?rest_route=%2Fwp%2Fv2%2Fcomments&post=276"}],"version-history":[{"count":5,"href":"https:\/\/einhaus.art\/index.php?rest_route=\/wp\/v2\/pages\/276\/revisions"}],"predecessor-version":[{"id":319,"href":"https:\/\/einhaus.art\/index.php?rest_route=\/wp\/v2\/pages\/276\/revisions\/319"}],"wp:attachment":[{"href":"https:\/\/einhaus.art\/index.php?rest_route=%2Fwp%2Fv2%2Fmedia&parent=276"}],"curies":[{"name":"wp","href":"https:\/\/api.w.org\/{rel}","templated":true}]}}