{"id":53,"date":"2025-07-27T15:26:00","date_gmt":"2025-07-27T15:26:00","guid":{"rendered":"https:\/\/einhaus.art\/?page_id=53"},"modified":"2026-03-14T11:29:28","modified_gmt":"2026-03-14T11:29:28","slug":"home","status":"publish","type":"page","link":"https:\/\/einhaus.art\/","title":{"rendered":"Home"},"content":{"rendered":"<p>[et_pb_section fb_built=&#8220;1&#8243; admin_label=&#8220;Header&#8220; _builder_version=&#8220;4.27.4&#8243; _module_preset=&#8220;default&#8220; background_color=&#8220;gcid-545c17f1-4e53-478d-9e2b-03daafc524a2&#8243; use_background_color_gradient=&#8220;on&#8220; background_color_gradient_direction=&#8220;90deg&#8220; background_color_gradient_stops=&#8220;rgba(255,255,255,0) 59%|gcid-2a386b1e-9149-40c6-b24d-5e9fedecf039 59%&#8220; background_last_edited=&#8220;on|desktop&#8220; use_background_color_gradient_tablet=&#8220;on&#8220; use_background_color_gradient_phone=&#8220;on&#8220; background_color_gradient_direction_tablet=&#8220;180deg&#8220; background_color_gradient_stops_tablet=&#8220;rgba(255,255,255,0) 60%|gcid-2a386b1e-9149-40c6-b24d-5e9fedecf039 60%&#8220; background_color_gradient_stops_phone=&#8220;rgba(255,255,255,0) 60%|gcid-2a386b1e-9149-40c6-b24d-5e9fedecf039 60%&#8220; collapsed=&#8220;off&#8220; global_colors_info=&#8220;{%22gcid-545c17f1-4e53-478d-9e2b-03daafc524a2%22:%91%22background_color%22%93}&#8220;][et_pb_row column_structure=&#8220;1_2,1_2&#8243; _builder_version=&#8220;4.25.1&#8243; _module_preset=&#8220;default&#8220; global_colors_info=&#8220;{}&#8220;][et_pb_column type=&#8220;1_2&#8243; _builder_version=&#8220;4.25.1&#8243; _module_preset=&#8220;default&#8220; custom_padding=&#8220;100px||||false|false&#8220; custom_padding_tablet=&#8220;0px||||false|false&#8220; custom_padding_phone=&#8220;||||false|false&#8220; custom_padding_last_edited=&#8220;on|phone&#8220; global_colors_info=&#8220;{}&#8220;][et_pb_heading title=&#8220;  Freie Malerin&#8220; _builder_version=&#8220;4.27.4&#8243; _module_preset=&#8220;5d4b7996-e958-4d45-9b21-9764567f8173&#8243; title_text_color=&#8220;gcid-880c38f1-a6fc-40a7-920b-f6027d5f269c&#8220; hover_enabled=&#8220;0&#8243; locked=&#8220;off&#8220; global_colors_info=&#8220;{%22gcid-880c38f1-a6fc-40a7-920b-f6027d5f269c%22:%91%22title_text_color%22%93}&#8220; sticky_enabled=&#8220;0&#8243;][\/et_pb_heading][et_pb_heading title=&#8220;HELENA EINHAUS&#8220; _builder_version=&#8220;4.27.4&#8243; _module_preset=&#8220;d4d73548-40a5-4602-a6a5-4a31f3ea991a&#8220; title_font=&#8220;Albert Sans||||||||&#8220; width=&#8220;100%&#8220; custom_margin=&#8220;||10px||false|false&#8220; global_colors_info=&#8220;{}&#8220;][\/et_pb_heading][et_pb_heading title=&#8220;Organisch-abstrakte Malerei&#8220; _builder_version=&#8220;4.27.4&#8243; _module_preset=&#8220;default&#8220; hover_enabled=&#8220;0&#8243; sticky_enabled=&#8220;0&#8243; title_text_color=&#8220;#b14d38&#8243; title_font_size=&#8220;25px&#8220;][\/et_pb_heading][\/et_pb_column][et_pb_column type=&#8220;1_2&#8243; _builder_version=&#8220;4.25.1&#8243; _module_preset=&#8220;default&#8220; global_colors_info=&#8220;{}&#8220;][et_pb_image src=&#8220;https:\/\/einhaus.art\/wp-content\/uploads\/2025\/08\/Sommerhitze.jpg&#8220; title_text=&#8220;Sommerhitze&#8220; _builder_version=&#8220;4.27.4&#8243; _module_preset=&#8220;default&#8220; z_index=&#8220;11&#8243; custom_padding=&#8220;10%|10%|0px|10%|false|true&#8220; border_color_all=&#8220;#FFFFFF&#8220; box_shadow_style=&#8220;preset3&#8243; box_shadow_horizontal=&#8220;10px&#8220; box_shadow_vertical=&#8220;40px&#8220; box_shadow_blur=&#8220;40px&#8220; box_shadow_spread=&#8220;10px&#8220; box_shadow_color=&#8220;rgba(0,0,0,0.11)&#8220; global_colors_info=&#8220;{}&#8220; box_shadow_color__hover=&#8220;RGBA(255,255,255,0)&#8220; box_shadow_color__hover_enabled=&#8220;on|hover&#8220; transform_styles__hover_enabled=&#8220;on|hover&#8220; transform_scale__hover=&#8220;99%|99%&#8220; transform_scale__hover_enabled=&#8220;on|hover&#8220; transform_translate__hover_enabled=&#8220;on|hover&#8220; transform_rotate__hover_enabled=&#8220;on|hover&#8220; transform_skew__hover_enabled=&#8220;on|hover&#8220; transform_origin__hover_enabled=&#8220;on|hover&#8220;][\/et_pb_image][et_pb_blurb _builder_version=&#8220;4.27.4&#8243; _module_preset=&#8220;default&#8220; body_text_align=&#8220;center&#8220; body_font_size=&#8220;20px&#8220; body_line_height=&#8220;1em&#8220; background_color=&#8220;RGBA(255,255,255,0)&#8220; text_orientation=&#8220;center&#8220; background_layout=&#8220;dark&#8220; global_colors_info=&#8220;{}&#8220;]<\/p>\n<p><strong>&#8222;Sommerhitze&#8220;<\/strong><\/p>\n<p><strong><\/strong><\/p>\n<h6>2024<\/h6>\n<h6>40 x 40 cm<\/h6>\n<p>[\/et_pb_blurb][\/et_pb_column][\/et_pb_row][\/et_pb_section][et_pb_section fb_built=&#8220;1&#8243; admin_label=&#8220;Subscribe&#8220; _builder_version=&#8220;4.27.4&#8243; _module_preset=&#8220;default&#8220; background_color=&#8220;#8A8A8A&#8220; custom_padding=&#8220;20px||20px||true|false&#8220; collapsed=&#8220;on&#8220; global_colors_info=&#8220;{}&#8220;][et_pb_row _builder_version=&#8220;4.27.4&#8243; _module_preset=&#8220;default&#8220; background_color=&#8220;#8a8a8a&#8220; global_colors_info=&#8220;{}&#8220;][et_pb_column type=&#8220;4_4&#8243; _builder_version=&#8220;4.27.4&#8243; _module_preset=&#8220;default&#8220; global_colors_info=&#8220;{}&#8220;][et_pb_testimonial quote_icon=&#8220;off&#8220; quote_icon_color=&#8220;#E02B20&#8243; font_icon=&#8220;&#xe028;||divi||400&#8243; _builder_version=&#8220;4.27.4&#8243; _module_preset=&#8220;default&#8220; body_font=&#8220;Abel||||||||&#8220; body_text_align=&#8220;center&#8220; body_text_color=&#8220;#FFFFFF&#8220; body_font_size=&#8220;27px&#8220; author_text_align=&#8220;right&#8220; position_font=&#8220;|800|||||||&#8220; background_color=&#8220;#8a8a8a&#8220; text_orientation=&#8220;center&#8220; background_layout=&#8220;dark&#8220; module_alignment=&#8220;center&#8220; global_colors_info=&#8220;{}&#8220;]<\/p>\n<p>&#8222;Ein Bild spricht eine eigene Sprache, vielschichtiger und dauerhafter als je ein Wort sein k\u00f6nnte. &#8222;<\/p>\n<p style=\"padding-left: 600px;\">Helena Einhaus<\/p>\n<p>[\/et_pb_testimonial][\/et_pb_column][\/et_pb_row][\/et_pb_section][et_pb_section fb_built=&#8220;1&#8243; admin_label=&#8220;My Books&#8220; _builder_version=&#8220;4.25.1&#8243; _module_preset=&#8220;default&#8220; background_color=&#8220;gcid-545c17f1-4e53-478d-9e2b-03daafc524a2&#8243; collapsed=&#8220;on&#8220; global_colors_info=&#8220;{%22gcid-545c17f1-4e53-478d-9e2b-03daafc524a2%22:%91%22background_color%22%93}&#8220;][et_pb_row _builder_version=&#8220;4.25.1&#8243; _module_preset=&#8220;default&#8220; global_colors_info=&#8220;{}&#8220;][et_pb_column type=&#8220;4_4&#8243; _builder_version=&#8220;4.25.1&#8243; _module_preset=&#8220;default&#8220; global_colors_info=&#8220;{}&#8220;][et_pb_heading title=&#8220;Meine letzten Arbeiten&#8220; _builder_version=&#8220;4.27.4&#8243; _module_preset=&#8220;42a5fc57-1975-481a-bd71-999f86dd78e9&#8243; title_text_align=&#8220;center&#8220; custom_margin=&#8220;||10px||false|false&#8220; locked=&#8220;off&#8220; global_colors_info=&#8220;{}&#8220;][\/et_pb_heading][\/et_pb_column][\/et_pb_row][et_pb_row column_structure=&#8220;1_3,1_3,1_3&#8243; _builder_version=&#8220;4.25.1&#8243; _module_preset=&#8220;default&#8220; global_colors_info=&#8220;{}&#8220;][et_pb_column type=&#8220;1_3&#8243; _builder_version=&#8220;4.25.1&#8243; _module_preset=&#8220;default&#8220; global_colors_info=&#8220;{}&#8220;][et_pb_image src=&#8220;https:\/\/einhaus.art\/wp-content\/uploads\/2025\/08\/Mutter-mit-Kind.jpg&#8220; title_text=&#8220;Mutter mit Kind&#8220; url=&#8220;#&#8220; _builder_version=&#8220;4.27.4&#8243; _module_preset=&#8220;default&#8220; custom_padding=&#8220;10%|10%|10%|10%|true|false&#8220; box_shadow_style=&#8220;preset4&#8243; box_shadow_blur=&#8220;5px&#8220; box_shadow_color=&#8220;rgba(0,0,0,0.11)&#8220; locked=&#8220;off&#8220; global_colors_info=&#8220;{}&#8220; box_shadow_color__hover_enabled=&#8220;on|hover&#8220; box_shadow_color__hover=&#8220;RGBA(255,255,255,0)&#8220; transform_styles__hover_enabled=&#8220;on|hover&#8220; transform_scale__hover=&#8220;99%|99%&#8220; transform_scale__hover_enabled=&#8220;on|hover&#8220; transform_translate__hover_enabled=&#8220;on|hover&#8220; transform_rotate__hover_enabled=&#8220;on|hover&#8220; transform_skew__hover_enabled=&#8220;on|hover&#8220; transform_origin__hover_enabled=&#8220;on|hover&#8220;][\/et_pb_image][et_pb_heading title=&#8220;%22Mutter und Kind%22&#8243; _builder_version=&#8220;4.27.4&#8243; _module_preset=&#8220;78362b6b-13c7-4cac-9f46-13f45088cb26&#8243; title_text_align=&#8220;center&#8220; custom_margin=&#8220;||0px||false|false&#8220; locked=&#8220;off&#8220; global_colors_info=&#8220;{}&#8220;][\/et_pb_heading][et_pb_text _builder_version=&#8220;4.27.4&#8243; _module_preset=&#8220;59e72398-c6de-42c5-b729-e8a793fb199b&#8220; text_line_height=&#8220;1em&#8220; text_orientation=&#8220;center&#8220; locked=&#8220;off&#8220; global_colors_info=&#8220;{}&#8220;]<\/p>\n<p>2025<\/p>\n<p>40 x 40 cm<\/p>\n<p>Acryl und Blattgold auf Leinwand<\/p>\n<p>[\/et_pb_text][\/et_pb_column][et_pb_column type=&#8220;1_3&#8243; _builder_version=&#8220;4.25.1&#8243; _module_preset=&#8220;default&#8220; global_colors_info=&#8220;{}&#8220;][et_pb_image src=&#8220;https:\/\/einhaus.art\/wp-content\/uploads\/2025\/07\/Unbenannt-2.jpg&#8220; title_text=&#8220;Unbenannt-2&#8243; url=&#8220;#&#8220; _builder_version=&#8220;4.27.4&#8243; _module_preset=&#8220;default&#8220; custom_padding=&#8220;10%|10%|10%|10%|true|true&#8220; box_shadow_style=&#8220;preset4&#8243; box_shadow_blur=&#8220;10px&#8220; box_shadow_spread=&#8220;1px&#8220; box_shadow_color=&#8220;rgba(0,0,0,0.11)&#8220; global_colors_info=&#8220;{}&#8220; box_shadow_color__hover_enabled=&#8220;on|hover&#8220; box_shadow_color__hover=&#8220;RGBA(255,255,255,0)&#8220; transform_styles__hover_enabled=&#8220;on|hover&#8220; transform_scale__hover_enabled=&#8220;on|hover&#8220; transform_translate__hover_enabled=&#8220;on|hover&#8220; transform_rotate__hover_enabled=&#8220;on|hover&#8220; transform_skew__hover_enabled=&#8220;on|hover&#8220; transform_origin__hover_enabled=&#8220;on|hover&#8220; transform_scale__hover=&#8220;99%|99%&#8220;][\/et_pb_image][et_pb_heading title=&#8220;%22Sister talk under the golden moon%22&#8243; _builder_version=&#8220;4.27.4&#8243; _module_preset=&#8220;78362b6b-13c7-4cac-9f46-13f45088cb26&#8243; title_text_align=&#8220;center&#8220; custom_margin=&#8220;||0px||false|false&#8220; locked=&#8220;off&#8220; global_colors_info=&#8220;{}&#8220;][\/et_pb_heading][et_pb_text _builder_version=&#8220;4.27.4&#8243; _module_preset=&#8220;59e72398-c6de-42c5-b729-e8a793fb199b&#8220; text_line_height=&#8220;1em&#8220; text_orientation=&#8220;center&#8220; locked=&#8220;off&#8220; global_colors_info=&#8220;{}&#8220;]<\/p>\n<p>2025<\/p>\n<p>50 x 40 cm<\/p>\n<p>Acryl auf Leinwand<\/p>\n<p>&nbsp;<\/p>\n<p>[\/et_pb_text][\/et_pb_column][et_pb_column type=&#8220;1_3&#8243; _builder_version=&#8220;4.25.1&#8243; _module_preset=&#8220;default&#8220; global_colors_info=&#8220;{}&#8220;][et_pb_image src=&#8220;https:\/\/einhaus.art\/wp-content\/uploads\/2025\/08\/Solitude-1.jpg&#8220; title_text=&#8220;Solitude&#8220; url=&#8220;#&#8220; _builder_version=&#8220;4.27.4&#8243; _module_preset=&#8220;default&#8220; custom_padding=&#8220;10%|10%|10%|10%|true|true&#8220; box_shadow_style=&#8220;preset4&#8243; box_shadow_blur=&#8220;5px&#8220; box_shadow_color=&#8220;rgba(0,0,0,0.11)&#8220; locked=&#8220;off&#8220; global_colors_info=&#8220;{}&#8220; box_shadow_color__hover_enabled=&#8220;on|hover&#8220; box_shadow_color__hover=&#8220;RGBA(255,255,255,0)&#8220; transform_styles__hover_enabled=&#8220;on|hover&#8220; transform_scale__hover=&#8220;99%|99%&#8220; transform_scale__hover_enabled=&#8220;on|hover&#8220; transform_translate__hover_enabled=&#8220;on|hover&#8220; transform_rotate__hover_enabled=&#8220;on|hover&#8220; transform_skew__hover_enabled=&#8220;on|hover&#8220; transform_origin__hover_enabled=&#8220;on|hover&#8220;][\/et_pb_image][et_pb_heading title=&#8220;%22Solitude%22&#8243; _builder_version=&#8220;4.27.4&#8243; _module_preset=&#8220;78362b6b-13c7-4cac-9f46-13f45088cb26&#8243; title_text_align=&#8220;center&#8220; custom_margin=&#8220;||0px||false|false&#8220; locked=&#8220;off&#8220; global_colors_info=&#8220;{}&#8220;][\/et_pb_heading][et_pb_text _builder_version=&#8220;4.27.4&#8243; _module_preset=&#8220;59e72398-c6de-42c5-b729-e8a793fb199b&#8220; text_line_height=&#8220;1em&#8220; text_orientation=&#8220;center&#8220; locked=&#8220;off&#8220; global_colors_info=&#8220;{}&#8220;]<\/p>\n<p>2025<\/p>\n<p>40 x 40 cm<\/p>\n<p>Acryl und Tusche auf Leinwand<\/p>\n<p>[\/et_pb_text][\/et_pb_column][\/et_pb_row][\/et_pb_section][et_pb_section fb_built=&#8220;1&#8243; admin_label=&#8220;Events&#8220; _builder_version=&#8220;4.27.4&#8243; _module_preset=&#8220;default&#8220; background_color=&#8220;#b7b7b7&#8243; locked=&#8220;off&#8220; collapsed=&#8220;on&#8220; global_colors_info=&#8220;{}&#8220;][et_pb_row _builder_version=&#8220;4.25.1&#8243; _module_preset=&#8220;default&#8220; locked=&#8220;off&#8220; global_colors_info=&#8220;{}&#8220;][et_pb_column type=&#8220;4_4&#8243; _builder_version=&#8220;4.25.1&#8243; _module_preset=&#8220;default&#8220; global_colors_info=&#8220;{}&#8220;][et_pb_heading title=&#8220;Ausstellungen &#038; Events&#8220; _builder_version=&#8220;4.27.4&#8243; _module_preset=&#8220;42a5fc57-1975-481a-bd71-999f86dd78e9&#8243; title_text_align=&#8220;center&#8220; custom_margin=&#8220;||10px||false|false&#8220; locked=&#8220;off&#8220; global_colors_info=&#8220;{}&#8220;][\/et_pb_heading][\/et_pb_column][\/et_pb_row][et_pb_row column_structure=&#8220;1_3,2_3&#8243; custom_padding_last_edited=&#8220;on|phone&#8220; _builder_version=&#8220;4.27.4&#8243; _module_preset=&#8220;default&#8220; background_color=&#8220;#FFFFFF&#8220; custom_margin=&#8220;||40px||false|false&#8220; custom_margin_tablet=&#8220;||30px||false|false&#8220; custom_margin_phone=&#8220;||20px||false|false&#8220; custom_margin_last_edited=&#8220;on|phone&#8220; custom_padding=&#8220;30px|30px|30px|30px|true|true&#8220; custom_padding_tablet=&#8220;30px|30px|30px|30px|true|true&#8220; custom_padding_phone=&#8220;20px|20px|20px|20px|true|true&#8220; border_width_all=&#8220;2px&#8220; border_color_all=&#8220;rgba(0,0,0,0.12)&#8220; global_colors_info=&#8220;{}&#8220;][et_pb_column type=&#8220;1_3&#8243; _builder_version=&#8220;4.25.1&#8243; _module_preset=&#8220;default&#8220; global_colors_info=&#8220;{}&#8220;][et_pb_image src=&#8220;https:\/\/einhaus.art\/wp-content\/uploads\/2026\/03\/Worpswede-Titel.jpg&#8220; title_text=&#8220;Worpswede Titel&#8220; _builder_version=&#8220;4.27.4&#8243; _module_preset=&#8220;default&#8220; border_width_all=&#8220;2px&#8220; border_color_all=&#8220;#E02B20&#8243; global_colors_info=&#8220;{}&#8220;][\/et_pb_image][\/et_pb_column][et_pb_column type=&#8220;2_3&#8243; _builder_version=&#8220;4.25.1&#8243; _module_preset=&#8220;default&#8220; global_colors_info=&#8220;{}&#8220;][et_pb_text _builder_version=&#8220;4.27.4&#8243; _module_preset=&#8220;default&#8220; global_colors_info=&#8220;{}&#8220;]<\/p>\n<h1>WorpswedeNEXT!* &#8211; zeig, was als N\u00e4chstes kommt<\/h1>\n<p>Worpswede ist wieder K\u00fcnstlerort. Im<span>\u00a0<\/span><strong>Hotel Village<\/strong><span>\u00a0<\/span>entstand mit der<span>\u00a0<\/span><strong>Markus Lippeck Gallery &amp; ArtClub<\/strong><span>\u00a0<\/span>ein offener, moderner Treffpunkt f\u00fcr junge Positionen: Ausstellungen, Talks, Musik, Screenings und Performances treffen hier auf eine lebendige Community. Ein Ort, an dem Kunst passiert, Menschen sich begegnen und Ideen kreisen.<\/p>\n<p>[\/et_pb_text][et_pb_text _builder_version=&#8220;4.27.4&#8243; _module_preset=&#8220;f28e5826-100c-45d8-b7cc-7d0b0515f1e9&#8243; global_colors_info=&#8220;{}&#8220;]<\/p>\n<p>In der Ausstellung &#8222;<strong>Worpswede next vol. 2&#8243;<\/strong> sind meine Bilder den ganzen Sommer 2026 in einer Dauerausstellung zu sehen.\u00a0<\/p>\n<p>[\/et_pb_text][\/et_pb_column][\/et_pb_row][\/et_pb_section][et_pb_section fb_built=&#8220;1&#8243; _builder_version=&#8220;4.27.4&#8243; _module_preset=&#8220;default&#8220; background_color=&#8220;#8F8F8F&#8220; height=&#8220;225px&#8220; global_colors_info=&#8220;{}&#8220;][et_pb_row column_structure=&#8220;1_2,1_2&#8243; _builder_version=&#8220;4.25.1&#8243; _module_preset=&#8220;default&#8220; custom_margin=&#8220;1px|auto||auto||&#8220; global_colors_info=&#8220;{}&#8220;][et_pb_column type=&#8220;1_2&#8243; _builder_version=&#8220;4.25.1&#8243; _module_preset=&#8220;default&#8220; global_colors_info=&#8220;{}&#8220;][et_pb_heading title=&#8220;In unregelm\u00e4\u00dfigen Abst\u00e4nden versende ich Infos \u00fcber Projekte, aktuelle Arbeiten und Ausstellungen. Wer in den Verteiler aufgenommen werden m\u00f6chte, kann seine E-Mail Adresse eintragen.&#8220; _builder_version=&#8220;4.27.4&#8243; _module_preset=&#8220;109f549c-f9fb-41da-a654-7683c0953bb9&#8243; title_level=&#8220;h1&#8243; title_font=&#8220;||||||||&#8220; title_text_align=&#8220;center&#8220; title_text_color=&#8220;#FFFFFF&#8220; title_font_size=&#8220;20px&#8220; title_line_height=&#8220;1.3em&#8220; height=&#8220;100px&#8220; custom_margin=&#8220;||10px||false|false&#8220; locked=&#8220;off&#8220; global_colors_info=&#8220;{}&#8220;][\/et_pb_heading][\/et_pb_column][et_pb_column type=&#8220;1_2&#8243; _builder_version=&#8220;4.25.1&#8243; _module_preset=&#8220;default&#8220; global_colors_info=&#8220;{}&#8220;][et_pb_signup mailchimp_list=&#8220;elegantthemestest|1ea2bbd026&#8243; first_name_field=&#8220;off&#8220; last_name_field=&#8220;off&#8220; _builder_version=&#8220;4.27.4&#8243; _module_preset=&#8220;4dc0aee9-6ee9-4979-ac7c-0312b876c682&#8243; locked=&#8220;off&#8220; global_colors_info=&#8220;{%22gcid-primary-color%22:%91%22form_field_text_color%22,%22form_field_focus_text_color%22%93}&#8220;][\/et_pb_signup][\/et_pb_column][\/et_pb_row][\/et_pb_section][et_pb_section fb_built=&#8220;1&#8243; admin_label=&#8220;Footer&#8220; _builder_version=&#8220;4.27.4&#8243; _module_preset=&#8220;default&#8220; background_color=&#8220;gcid-530baf18-6aca-4d61-8496-2c5df0e0a0ca&#8220; saved_tabs=&#8220;all&#8220; locked=&#8220;off&#8220; collapsed=&#8220;on&#8220; global_colors_info=&#8220;{%22gcid-530baf18-6aca-4d61-8496-2c5df0e0a0ca%22:%91%22background_color%22%93}&#8220;][et_pb_row _builder_version=&#8220;4.25.1&#8243; _module_preset=&#8220;default&#8220; max_width=&#8220;680px&#8220; module_alignment=&#8220;center&#8220; global_colors_info=&#8220;{}&#8220;][et_pb_column type=&#8220;4_4&#8243; _builder_version=&#8220;4.27.4&#8243; _module_preset=&#8220;default&#8220; global_colors_info=&#8220;{}&#8220;][et_pb_image src=&#8220;https:\/\/einhaus.art\/wp-content\/uploads\/2025\/07\/Helena-Einhaus-2.png&#8220; title_text=&#8220;Helena Einhaus 2&#8243; url=&#8220;#&#8220; _builder_version=&#8220;4.27.4&#8243; _module_preset=&#8220;default&#8220; transform_scale=&#8220;96%|96%&#8220; max_width=&#8220;62px&#8220; max_width_last_edited=&#8220;off|desktop&#8220; module_alignment=&#8220;center&#8220; max_height=&#8220;100px&#8220; filter_saturate=&#8220;0%&#8220; locked=&#8220;off&#8220; global_colors_info=&#8220;{}&#8220;][\/et_pb_image][et_pb_heading title=&#8220;Helena Einhaus&#8220; _builder_version=&#8220;4.27.4&#8243; _module_preset=&#8220;42a5fc57-1975-481a-bd71-999f86dd78e9&#8243; title_font=&#8220;||||||||&#8220; title_text_align=&#8220;center&#8220; title_text_color=&#8220;#FFFFFF&#8220; custom_margin=&#8220;||10px||false|false&#8220; locked=&#8220;off&#8220; global_colors_info=&#8220;{}&#8220;][\/et_pb_heading][et_pb_text _builder_version=&#8220;4.27.4&#8243; _module_preset=&#8220;13719425-dac4-4d4e-8de6-d52d5993e6d3&#8243; text_text_color=&#8220;gcid-834db33f-400f-4068-917d-2de62be3172e&#8220; link_text_color=&#8220;#8800ff&#8220; text_orientation=&#8220;center&#8220; global_colors_info=&#8220;{%22gcid-secondary-color%22:%91%22link_text_color%22,%22link_text_color%22,%22link_text_color%22,%22link_text_color%22,%22link_text_color%22%93,%22gcid-834db33f-400f-4068-917d-2de62be3172e%22:%91%22text_text_color%22%93}&#8220;]<\/p>\n<p>Kunst entsteht, wenn Wirklichkeit auf Realit\u00e4t trifft.<\/p>\n<p>[\/et_pb_text][et_pb_social_media_follow icon_color=&#8220;gcid-880c38f1-a6fc-40a7-920b-f6027d5f269c&#8220; _builder_version=&#8220;4.27.4&#8243; _module_preset=&#8220;default&#8220; text_orientation=&#8220;center&#8220; global_colors_info=&#8220;{%22gcid-880c38f1-a6fc-40a7-920b-f6027d5f269c%22:%91%22icon_color%22%93}&#8220;][et_pb_social_media_follow_network social_network=&#8220;facebook&#8220; url=&#8220;https:\/\/www.facebook.com\/helena.schulteeinhaus&#8220; _builder_version=&#8220;4.27.4&#8243; _module_preset=&#8220;default&#8220; global_colors_info=&#8220;{}&#8220; follow_button=&#8220;off&#8220; url_new_window=&#8220;on&#8220;]facebook[\/et_pb_social_media_follow_network][et_pb_social_media_follow_network social_network=&#8220;instagram&#8220; url=&#8220;https:\/\/www.instagram.com\/einhausart\/&#8220; _builder_version=&#8220;4.27.4&#8243; _module_preset=&#8220;default&#8220; global_colors_info=&#8220;{}&#8220; follow_button=&#8220;off&#8220; url_new_window=&#8220;on&#8220;]instagram[\/et_pb_social_media_follow_network][\/et_pb_social_media_follow][\/et_pb_column][\/et_pb_row][et_pb_row _builder_version=&#8220;4.25.1&#8243; _module_preset=&#8220;default&#8220; global_colors_info=&#8220;{}&#8220;][et_pb_column type=&#8220;4_4&#8243; _builder_version=&#8220;4.25.1&#8243; _module_preset=&#8220;default&#8220; global_colors_info=&#8220;{}&#8220;][et_pb_text _builder_version=&#8220;4.27.4&#8243; _dynamic_attributes=&#8220;content&#8220; _module_preset=&#8220;13719425-dac4-4d4e-8de6-d52d5993e6d3&#8243; text_text_color=&#8220;rgba(255,255,255,0.5)&#8220; link_text_color=&#8220;#8800ff&#8220; text_orientation=&#8220;center&#8220; global_colors_info=&#8220;{}&#8220;]@ET-DC@eyJkeW5hbWljIjp0cnVlLCJjb250ZW50IjoiY3VycmVudF9kYXRlIiwic2V0dGluZ3MiOnsiYmVmb3JlIjoiQ29weXJpZ2h0ICZjb3B5OyAiLCJhZnRlciI6IiBFaW5oYXVzIEFydC4gQWxsIFJpZ2h0cyBSZXNlcnZlZC4iLCJkYXRlX2Zvcm1hdCI6ImN1c3RvbSIsImN1c3RvbV9kYXRlX2Zvcm1hdCI6IlkifX0=@[\/et_pb_text][\/et_pb_column][\/et_pb_row][\/et_pb_section]<\/p>\n","protected":false},"excerpt":{"rendered":"<p>&#8222;Sommerhitze&#8220; 2024 40 x 40 cm&#8220;Ein Bild spricht eine eigene Sprache, vielschichtiger und dauerhafter als je ein Wort sein k\u00f6nnte. &#8220; Helena Einhaus2025 40 x 40 cm Acryl und Blattgold auf Leinwand2025 50 x 40 cm Acryl auf Leinwand &nbsp;2025 40 x 40 cm Acryl und Tusche auf LeinwandWorpswedeNEXT!* &#8211; zeig, was als N\u00e4chstes kommt [&hellip;]<\/p>\n","protected":false},"author":1,"featured_media":0,"parent":0,"menu_order":0,"comment_status":"closed","ping_status":"closed","template":"","meta":{"_et_pb_use_builder":"on","_et_pb_old_content":"","_et_gb_content_width":"","footnotes":""},"class_list":["post-53","page","type-page","status-publish","hentry"],"_links":{"self":[{"href":"https:\/\/einhaus.art\/index.php?rest_route=\/wp\/v2\/pages\/53","targetHints":{"allow":["GET"]}}],"collection":[{"href":"https:\/\/einhaus.art\/index.php?rest_route=\/wp\/v2\/pages"}],"about":[{"href":"https:\/\/einhaus.art\/index.php?rest_route=\/wp\/v2\/types\/page"}],"author":[{"embeddable":true,"href":"https:\/\/einhaus.art\/index.php?rest_route=\/wp\/v2\/users\/1"}],"replies":[{"embeddable":true,"href":"https:\/\/einhaus.art\/index.php?rest_route=%2Fwp%2Fv2%2Fcomments&post=53"}],"version-history":[{"count":62,"href":"https:\/\/einhaus.art\/index.php?rest_route=\/wp\/v2\/pages\/53\/revisions"}],"predecessor-version":[{"id":420,"href":"https:\/\/einhaus.art\/index.php?rest_route=\/wp\/v2\/pages\/53\/revisions\/420"}],"wp:attachment":[{"href":"https:\/\/einhaus.art\/index.php?rest_route=%2Fwp%2Fv2%2Fmedia&parent=53"}],"curies":[{"name":"wp","href":"https:\/\/api.w.org\/{rel}","templated":true}]}}